{"id":2071,"date":"2025-08-15T11:28:26","date_gmt":"2025-08-15T09:28:26","guid":{"rendered":"https:\/\/www.esi.fau.de\/?page_id=2071"},"modified":"2025-10-06T09:58:16","modified_gmt":"2025-10-06T07:58:16","slug":"et19","status":"publish","type":"page","link":"https:\/\/www.esi.fau.de\/en\/et19\/","title":{"rendered":"19. Embedded Talk: Deep Learning on Narrow Resources"},"content":{"rendered":"<p>The 19th <strong>Embedded Talk <\/strong>will take place on<strong> October 10th, 2025<\/strong>, <strong>1:00 pm<\/strong> on the premises of Friedrich-Alexander-Universit\u00e4t Erlangen-N\u00fcrnberg at Erlangen S\u00fcdgel\u00e4nde (Cauerstr. 11, Erlangen, lecture hall H12). Immerse yourself into the world of \u00a0<strong>Embedded AI<\/strong> and find out more about the latest developments in this field, especially about Deep Learning on devices with restricted resources.<\/p>\n<p>The research focus \u201cEmbedded AI\u201d deals with the application of artificial intelligence for the design of (embedded) electronic systems as well as the design of intelligent electronic systems, in particular autonomous systems. However, lightweight implementations of such embedded autonomous systems present researchers and developers with major challenges that have not yet been adequately solved in terms of data volumes, storage and processing performance, as well as the correctness, safety and security of such intelligent systems.<\/p>\n<p>Due to the high costs, size and relatively high energy consumption, known techniques for implementing machine learning algorithms cannot therefore be used in everyday objects (Internet of Things, IoT), e.g. an intelligent rolling bearing, an adaptive valve or a hearing aid that adapts itself to the wearer. It is important to break new ground here so that machine learning is also possible on small, embedded systems. In the area of analysis and verification, there is also a considerable need for interdisciplinary research to investigate the role and integration of machine learning methods in established methods of signal processing, control engineering and system design. Another branch of research is aimed at assuring provable quality criteria for properties such as robustness, fault tolerance, safety and real-time of learning systems that cannot be statically verified. Guaranteeing the privacy of data and models is also a major challenge for numerous fields of application. In design automation, there are also fundamental questions regarding the support and integration of machine learning (ML) and symbolic AI methods, especially for IoT devices.<\/p>\n<p>The Embedded Talk is an established series of events that is an ideal information and communication forum to promote regular exchange between experts from science and industry.<\/p>\n<h2>Program<\/h2>\n<table style=\"border-collapse: collapse;width: 100%;height: 358px\">\n<tbody>\n<tr style=\"height: 24px\">\n<td style=\"width: 10.996564%;height: 24px\">13:00:<\/td>\n<td style=\"width: 89.003436%;height: 24px\">Welcome Remarks<\/td>\n<\/tr>\n<tr style=\"height: 24px\">\n<td style=\"width: 10.996564%;height: 24px\"><\/td>\n<td style=\"width: 89.003436%;height: 24px\">Prof. Dr.-Ing. J\u00fcrgen Teich, Speaker FAU ESI, FAU Erlangen-N\u00fcrnberg<\/td>\n<\/tr>\n<tr style=\"height: 24px\">\n<td style=\"width: 10.996564%;height: 24px\">13:15:<\/td>\n<td style=\"width: 89.003436%;height: 24px\">Keynote: Resource-Aware Machine Learning for Cyber-Physical Systems<\/td>\n<\/tr>\n<tr style=\"height: 22px\">\n<td style=\"width: 10.996564%;height: 22px\"><\/td>\n<td style=\"width: 89.003436%;height: 22px\">Prof. Dr. Jian-Jia Chen, TU Dortmund \/ Lamarr-Institute for Machine Learning and Artificial Intelligence<\/td>\n<\/tr>\n<tr style=\"height: 24px\">\n<td style=\"width: 10.996564%;height: 24px\">14:00:<\/td>\n<td style=\"width: 89.003436%;height: 24px\"><span lang=\"EN-US\">On-Device Training of Deep Neural Networks on Cortex-M Microcontrollers<\/span>AI<\/td>\n<\/tr>\n<tr style=\"height: 24px\">\n<td style=\"width: 10.996564%;height: 24px\"><\/td>\n<td style=\"width: 89.003436%;height: 24px\"><span lang=\"EN-US\">Mark Deutel, Researcher, Fraunhofer IIS \/ FAU Erlangen-N\u00fcrnberg<\/span><\/td>\n<\/tr>\n<tr style=\"height: 24px\">\n<td style=\"width: 10.996564%;height: 24px\"><span lang=\"EN-US\">14:45:<\/span><\/td>\n<td style=\"width: 89.003436%;height: 24px\">Coffee Break<\/td>\n<\/tr>\n<tr style=\"height: 24px\">\n<td style=\"width: 10.996564%;height: 24px\"><\/td>\n<td style=\"width: 89.003436%;height: 24px\"><\/td>\n<\/tr>\n<tr style=\"height: 24px\">\n<td style=\"width: 10.996564%;height: 24px\"><span lang=\"EN-US\">15:15: <\/span><\/td>\n<td style=\"width: 89.003436%;height: 24px\">Real-World Challenges of Deploying Embedded<\/td>\n<\/tr>\n<tr style=\"height: 24px\">\n<td style=\"width: 10.996564%;height: 24px\"><span lang=\"EN-US\">\u00a0<\/span><\/td>\n<td style=\"width: 89.003436%;height: 24px\"><span lang=\"EN-US\">Jan Seyler , Festo SE &amp; Co. KG<\/span><\/td>\n<\/tr>\n<tr style=\"height: 24px\">\n<td style=\"width: 10.996564%;height: 24px\"><span lang=\"EN-US\">16:00:<\/span><\/td>\n<td style=\"width: 89.003436%;height: 24px\">Panel Discussion<\/td>\n<\/tr>\n<tr style=\"height: 24px\">\n<td style=\"width: 10.996564%;height: 24px\"><span lang=\"EN-US\">\u00a0<\/span><\/td>\n<td style=\"width: 89.003436%;height: 24px\">\u00a0<span lang=\"EN-US\"><br \/>\n<\/span><\/td>\n<\/tr>\n<tr style=\"height: 24px\">\n<td style=\"width: 10.996564%;height: 24px\"><span lang=\"EN-US\">16:45<\/span><\/td>\n<td style=\"width: 89.003436%;height: 24px\"><span lang=\"EN-US\">Poster-Session, Get-Together and Networking<\/span><\/td>\n<\/tr>\n<tr style=\"height: 24px\">\n<td style=\"width: 10.996564%;height: 24px\"><span lang=\"EN-US\">\u00a0<\/span><\/td>\n<td style=\"width: 89.003436%;height: 24px\"><\/td>\n<\/tr>\n<tr style=\"height: 24px\">\n<td style=\"width: 10.996564%;height: 24px\"><span lang=\"EN-US\">~17:30<\/span><\/td>\n<td style=\"width: 89.003436%;height: 24px\">End of the Event<\/td>\n<\/tr>\n<\/tbody>\n<\/table>\n<p>Note: This Embedded Talk will be held in <strong>English<\/strong>.<\/p>\n<h2>Venue<\/h2>\n<p>Campus S\u00fcdgel\u00e4nde<br \/>\nFriedrich-Alexander-Universit\u00e4t Erlangen-N\u00fcrnberg<br \/>\nEmmy-Noether-H\u00f6rsaal (H12)<br \/>\nCauerstra\u00dfe 11, 91058 Erlangen<\/p>\n<h2>Registration<\/h2>\n<p>Register <a href=\"https:\/\/eveeno.com\/et19\">here<\/a> (<strong>free<\/strong> of charge)<\/p>\n<h2>Flyer<\/h2>\n<p>You can download <a href=\"https:\/\/www.esi.fau.de\/files\/2025\/08\/ET19-Flyer.pdf\">a flyer (PDF) of the event<\/a> here.<\/p>\n<div class=\"fau-person thumb-size-small border\" itemscope itemtype=\"http:\/\/schema.org\/Person\">\n<div class=\"row\"><div class=\"person-default\"><h3><a href=\"https:\/\/www.esi.fau.de\/person\/geschaeftsfuehrer\/\"><span itemprop=\"name\"><span itemprop=\"honorificPrefix\">Dr.-Ing.<\/span> <span class=\"fullname\"><span itemprop=\"givenName\">Torsten<\/span> <span itemprop=\"familyName\">Klie<\/span><\/span><\/span><\/a><\/h3><div class=\"person-info\"><span class=\"person-info-position\" itemprop=\"jobTitle\">Gesch\u00e4ftsf\u00fchrer<\/span><br><p itemprop=\"worksFor\" itemtype=\"http:\/\/schema.org\/Organization\"><span itemprop=\"name\">FAU Research Center Embedded Systems Initiative (ESI)<\/span><br><span itemprop=\"department\">Gesch\u00e4ftsstelle<\/span><br><\/p><ul class=\"contactlist\"><li class=\"person-info-phone telephone\"><span class=\"screen-reader-text\">Phone number: <\/span><a itemprop=\"telephone\" href=\"tel:+49913185-25151\">+49913185-25151<\/a><\/li><li class=\"person-info-email email\"><span class=\"screen-reader-text\">Email: <\/span><a itemprop=\"email\" href=\"mailto:torsten.klie@fau.de\">torsten.klie@fau.de<\/a><\/li><\/ul><\/div><\/div><\/div><\/div>\n","protected":false},"excerpt":{"rendered":"<p>The 19th Embedded Talk will take place on October 10th, 2025, 1:00 pm on the premises of Friedrich-Alexander-Universit\u00e4t Erlangen-N\u00fcrnberg at Erlangen S\u00fcdgel\u00e4nde (Cauerstr. 11, Erlangen, lecture hall H12). Immerse yourself into the world of \u00a0Embedded AI and find out more about the latest developments in this field, especially about Deep Learning on devices with restricted [&hellip;]<\/p>\n","protected":false},"author":911,"featured_media":0,"parent":0,"menu_order":0,"comment_status":"closed","ping_status":"closed","template":"","meta":{"_rrze_cache":"enabled","_rrze_multilang_single_locale":"en_US","_rrze_multilang_single_source":"https:\/\/www.esi.fau.de\/?page_id=2069","footnotes":""},"page_category":[],"page_tag":[],"class_list":["post-2071","page","type-page","status-publish","hentry","en-US"],"_links":{"self":[{"href":"https:\/\/www.esi.fau.de\/wp-json\/wp\/v2\/pages\/2071","targetHints":{"allow":["GET"]}}],"collection":[{"href":"https:\/\/www.esi.fau.de\/wp-json\/wp\/v2\/pages"}],"about":[{"href":"https:\/\/www.esi.fau.de\/wp-json\/wp\/v2\/types\/page"}],"author":[{"embeddable":true,"href":"https:\/\/www.esi.fau.de\/wp-json\/wp\/v2\/users\/911"}],"replies":[{"embeddable":true,"href":"https:\/\/www.esi.fau.de\/wp-json\/wp\/v2\/comments?post=2071"}],"version-history":[{"count":10,"href":"https:\/\/www.esi.fau.de\/wp-json\/wp\/v2\/pages\/2071\/revisions"}],"predecessor-version":[{"id":2168,"href":"https:\/\/www.esi.fau.de\/wp-json\/wp\/v2\/pages\/2071\/revisions\/2168"}],"wp:attachment":[{"href":"https:\/\/www.esi.fau.de\/wp-json\/wp\/v2\/media?parent=2071"}],"wp:term":[{"taxonomy":"page_category","embeddable":true,"href":"https:\/\/www.esi.fau.de\/wp-json\/wp\/v2\/page_category?post=2071"},{"taxonomy":"page_tag","embeddable":true,"href":"https:\/\/www.esi.fau.de\/wp-json\/wp\/v2\/page_tag?post=2071"}],"curies":[{"name":"wp","href":"https:\/\/api.w.org\/{rel}","templated":true}]}}